{"id":2874,"date":"2025-12-08T23:02:30","date_gmt":"2025-12-08T22:02:30","guid":{"rendered":"https:\/\/www.stadtmeisterschaft-passau.de\/?page_id=2874"},"modified":"2025-12-08T23:02:33","modified_gmt":"2025-12-08T22:02:33","slug":"grusswort-siegfried-kapfer","status":"publish","type":"page","link":"https:\/\/www.stadtmeisterschaft-passau.de\/?page_id=2874","title":{"rendered":"Gru\u00dfwort Siegfried Kapfer,"},"content":{"rendered":"<div class=\"wp-block-image is-style-default\">\n<figure class=\"alignright size-large is-resized\"><img loading=\"lazy\" decoding=\"async\" width=\"683\" height=\"1024\" src=\"https:\/\/www.stadtmeisterschaft-passau.de\/wp-content\/uploads\/2025\/12\/Kapfer_Siegfried_01-683x1024.jpg\" alt=\"\" class=\"wp-image-2875\" style=\"aspect-ratio:0.6666666666666666;object-fit:cover;width:210px;height:auto\" srcset=\"https:\/\/www.stadtmeisterschaft-passau.de\/wp-content\/uploads\/2025\/12\/Kapfer_Siegfried_01-683x1024.jpg 683w, https:\/\/www.stadtmeisterschaft-passau.de\/wp-content\/uploads\/2025\/12\/Kapfer_Siegfried_01-200x300.jpg 200w, https:\/\/www.stadtmeisterschaft-passau.de\/wp-content\/uploads\/2025\/12\/Kapfer_Siegfried_01-768x1152.jpg 768w, https:\/\/www.stadtmeisterschaft-passau.de\/wp-content\/uploads\/2025\/12\/Kapfer_Siegfried_01-1024x1536.jpg 1024w, https:\/\/www.stadtmeisterschaft-passau.de\/wp-content\/uploads\/2025\/12\/Kapfer_Siegfried_01-1365x2048.jpg 1365w, https:\/\/www.stadtmeisterschaft-passau.de\/wp-content\/uploads\/2025\/12\/Kapfer_Siegfried_01-scaled.jpg 1707w\" sizes=\"auto, (max-width: 683px) 100vw, 683px\" \/><\/figure>\n<\/div>\n\n\n<p>Liebe Sportfreundinnen und Sportfreunde,<\/p>\n\n\n\n<p>der Passauer Fu\u00dfball lebt von seiner gro\u00dfen Vielfalt: von gro\u00dfen und kleinen Vereinen, aber auch von neuen Konstellationen: Gerade im Jugendbereich geh\u00f6ren heute Spielgemeinschaften ganz selbstverst\u00e4ndlich dazu \u2013 ein Zeichen der Zeit, das den Fu\u00dfball genauso ver\u00e4ndert wie viele andere Bereiche unseres Lebens. Trotzdem oder gerade deswegen ist die Hallenstadtmeisterschaft jedes Jahr ein Moment, in dem alle wieder zusammenkommen und der lokale Fu\u00dfball in seiner Pracht sichtbar wird. Die Stadtmeisterschaft geh\u00f6rt zu Passau wie die Maidult und der Christkindlmarkt, sie ist eine sportliche und gesellschaftliche Institution, jeder freut sich darauf und fiebert ihr entgegen.<\/p>\n\n\n\n<p>Kenner des lokalen Fu\u00dfballs wissen: Bei der Hallenstadtmeisterschaft steht nicht selten die Ehre eines Vereins, ja eines ganzen Stadtteils auf dem Spiel. Heining (SVS!) gegen Auerbach (DJK West!), Innstadt (Batavia!) gegen Patriching (DJK Eintracht!), Grubweg (VFB) gegen Haidenhof (FCP!) \u2013 diese Duelle haben ihren ganz besonderen Reiz. Nat\u00fcrlich gilt Fairplay &#8211; und Gemeinschaft steht im Mittelpunkt. Aber gewinnen macht Freude, und verlieren tut weh \u2013 gerade bei der Stadtmeisterschaft. Gerade gegen den Nachbarverein!&nbsp;<\/p>\n\n\n\n<p>Ein gro\u00dfes Dankesch\u00f6n gilt der DJK Passau-West mit Thomas Lemberger, Christian Putz und Hans Huber an der Spitze. Sie haben sich erneut der Mammutaufgabe angenommen, die Meisterschaft rund um den Jahreswechsel zu organisieren. Solche Turniere leben von Menschen, die mit Herzblut dabei sind, Verantwortung \u00fcbernehmen und die Tradition seit Jahrzehnten hochhalten. Vergelt\u00b4s Gott!&nbsp;<\/p>\n\n\n\n<p>Weil alle zusammenhelfen, wird auch die diesj\u00e4hrige Meisterschaft wieder ein Fest des Sports, des Miteinanders und des sch\u00f6nen Fu\u00dfballspiels! Auf dem Platz wird um jeden Ball gek\u00e4mpft, halb Passau wird wieder in die Dreifachturnhalle dr\u00e4ngen. Ich danke allen Helferinnen und Helfern, allen Sponsoren sowie allen Vereinen, die teilnehmen. Genie\u00dfen Sie die 48. Auflage der Passauer Hallenstadtmeisterschaft \u2013 sie bringt nach der \u201estaaden Zeit\u201c garantiert wieder Bewegung in unsere Stadt.<\/p>\n\n\n\n<p>Mit sportlichen Gr\u00fc\u00dfen,&nbsp;<\/p>\n\n\n\n<p>Ihr Siegfried Kapfer<\/p>\n\n\n\n<p>DJK-Di\u00f6zesanvorsitzender&nbsp;<\/p>\n\n\n\n<p><\/p>\n","protected":false},"excerpt":{"rendered":"<p>Liebe Sportfreundinnen und Sportfreunde, der Passauer Fu\u00dfball lebt von seiner gro\u00dfen Vielfalt: von gro\u00dfen und kleinen Vereinen, aber auch von neuen Konstellationen: Gerade im Jugendbereich geh\u00f6ren heute Spielgemeinschaften ganz selbstverst\u00e4ndlich dazu \u2013 ein Zeichen&#46;&#46;&#46;<\/p>\n","protected":false},"author":6,"featured_media":0,"parent":0,"menu_order":0,"comment_status":"closed","ping_status":"closed","template":"","meta":{"footnotes":""},"class_list":["post-2874","page","type-page","status-publish","hentry"],"_links":{"self":[{"href":"https:\/\/www.stadtmeisterschaft-passau.de\/index.php?rest_route=\/wp\/v2\/pages\/2874","targetHints":{"allow":["GET"]}}],"collection":[{"href":"https:\/\/www.stadtmeisterschaft-passau.de\/index.php?rest_route=\/wp\/v2\/pages"}],"about":[{"href":"https:\/\/www.stadtmeisterschaft-passau.de\/index.php?rest_route=\/wp\/v2\/types\/page"}],"author":[{"embeddable":true,"href":"https:\/\/www.stadtmeisterschaft-passau.de\/index.php?rest_route=\/wp\/v2\/users\/6"}],"replies":[{"embeddable":true,"href":"https:\/\/www.stadtmeisterschaft-passau.de\/index.php?rest_route=%2Fwp%2Fv2%2Fcomments&post=2874"}],"version-history":[{"count":1,"href":"https:\/\/www.stadtmeisterschaft-passau.de\/index.php?rest_route=\/wp\/v2\/pages\/2874\/revisions"}],"predecessor-version":[{"id":2876,"href":"https:\/\/www.stadtmeisterschaft-passau.de\/index.php?rest_route=\/wp\/v2\/pages\/2874\/revisions\/2876"}],"wp:attachment":[{"href":"https:\/\/www.stadtmeisterschaft-passau.de\/index.php?rest_route=%2Fwp%2Fv2%2Fmedia&parent=2874"}],"curies":[{"name":"wp","href":"https:\/\/api.w.org\/{rel}","templated":true}]}}