{"id":2612,"date":"2023-12-16T12:35:03","date_gmt":"2023-12-16T11:35:03","guid":{"rendered":"https:\/\/www.stadtmeisterschaft-passau.de\/?page_id=2612"},"modified":"2023-12-16T16:03:30","modified_gmt":"2023-12-16T15:03:30","slug":"ueber-uns-die-westler","status":"publish","type":"page","link":"https:\/\/www.stadtmeisterschaft-passau.de\/?page_id=2612","title":{"rendered":"\u00dcber uns &#8211; Die Westler"},"content":{"rendered":"\n<p>Der DJK Passau-West e.V. ist ein traditionsreicher Passauer Sportverein mit Herz f\u00fcr die ganze Familie.<\/p>\n\n\n\n<p>Neben der gr\u00f6\u00dften Sparte <strong>Fu\u00dfball <\/strong>geh\u00f6ren auch <strong>Tennis<\/strong>, <strong>Kegeln <\/strong>und <strong>Gymnastik <\/strong>fest zum Vereinsprogramm.<\/p>\n\n\n<div class=\"wp-block-image\">\n<figure class=\"aligncenter size-large\"><img loading=\"lazy\" decoding=\"async\" width=\"576\" height=\"1024\" src=\"http:\/\/www.stadtmeisterschaft-passau.de\/wp-content\/uploads\/2023\/12\/Brown-Aesthetic-Photo-Collage-Autumn-Phone-Wallpaper-576x1024.png\" alt=\"DJK Passau-West - Der Verein mit Herz f\u00fcr die ganze Familie\" class=\"wp-image-2615\" srcset=\"https:\/\/www.stadtmeisterschaft-passau.de\/wp-content\/uploads\/2023\/12\/Brown-Aesthetic-Photo-Collage-Autumn-Phone-Wallpaper-576x1024.png 576w, https:\/\/www.stadtmeisterschaft-passau.de\/wp-content\/uploads\/2023\/12\/Brown-Aesthetic-Photo-Collage-Autumn-Phone-Wallpaper-169x300.png 169w, https:\/\/www.stadtmeisterschaft-passau.de\/wp-content\/uploads\/2023\/12\/Brown-Aesthetic-Photo-Collage-Autumn-Phone-Wallpaper-768x1365.png 768w, https:\/\/www.stadtmeisterschaft-passau.de\/wp-content\/uploads\/2023\/12\/Brown-Aesthetic-Photo-Collage-Autumn-Phone-Wallpaper-864x1536.png 864w, https:\/\/www.stadtmeisterschaft-passau.de\/wp-content\/uploads\/2023\/12\/Brown-Aesthetic-Photo-Collage-Autumn-Phone-Wallpaper.png 1080w\" sizes=\"auto, (max-width: 576px) 100vw, 576px\" \/><figcaption class=\"wp-element-caption\">DJK Passau-West &#8211; Der Verein mit Herz f\u00fcr die ganze Familie<\/figcaption><\/figure>\n<\/div>\n\n\n<p>Als DJK, als \u00fcbrigens f\u00fcr <strong><em>\u201cDeutsche Jugendkraft\u201d <\/em><\/strong>steht, geh\u00f6ren wir dem katholischen DJK-Sportverband in Deutschland mit \u00fcber 458.000 Mitgliedern und ca. 1.100 Vereinen an. Er ist heute f\u00fcr alle offen, die seine Ziele mittragen.<\/p>\n\n\n\n<p>Die Ziele des DJK Passau-West e.V. sind klar definiert: <strong>Sport, Gemeinschaft<\/strong> und <strong>Glaube <\/strong>sollen miteinander vereint werden. Dabei geht es nicht nur um sportliche Erfolge, sondern auch darum, dass sich die Mitglieder untereinander wohlf\u00fchlen und unterst\u00fctzen k\u00f6nnen. <\/p>\n\n\n\n<p>Besonders stolz ist der Verein auf seine <strong>Jugendarbeit<\/strong>. Hier wird viel Wert darauf gelegt, den Kindern und Jugendlichen nicht nur eine gute sportliche Ausbildung zu bieten, sondern sie auch in ihrer Pers\u00f6nlichkeitsentwicklung zu f\u00f6rdern. Denn f\u00fcr den DJK Passau-West e.V. steht fest: Der Mensch als Ganzes z\u00e4hlt! <\/p>\n\n\n\n<p>Doch nat\u00fcrlich kommen beim DJK Passau-West e.V. auch die <strong>Erwachsenen <\/strong>voll auf ihre Kosten! Ob man nun Tennis spielen m\u00f6chte oder lieber kegelt &#8211; hier findet jeder das passende Angebot f\u00fcr sich. <\/p>\n\n\n\n<p>Und wer sagt eigentlich, dass Sportvereine langweilig sein m\u00fcssen? Bei den Westlern &#8211; wie wir uns beim DJK Passau-West liebevoll nennen &#8211; gibt es regelm\u00e4\u00dfig <strong>Veranstaltungen <\/strong>wie Sommerfeste oder Weihnachtsfeiern \u2013 da kommt schnell ein famili\u00e4res Gef\u00fchl auf! <\/p>\n\n\n\n<p>Au\u00dferdem sind wir Veranstalter und Ausrichter der j\u00e4hrlich nach Weihnachten stattfindenden <strong>Passauer Stadtmeisterschaften<\/strong>, die sich gro\u00dfer Beliebtheit bei Jung und Alt erfreuen.<\/p>\n\n\n\n<p>Wer also Lust hat, sich sportlich zu bet\u00e4tigen und dabei nette Leute kennenzulernen, ist bei den Westlern richtig gut aufgehoben.<\/p>\n\n\n\n<p>Wir freuen uns immer \u00fcber neue Gesichter im Verein!<\/p>\n","protected":false},"excerpt":{"rendered":"<p>Der DJK Passau-West e.V. ist ein traditionsreicher Passauer Sportverein mit Herz f\u00fcr die ganze Familie. Neben der gr\u00f6\u00dften Sparte Fu\u00dfball geh\u00f6ren auch Tennis, Kegeln und Gymnastik fest zum Vereinsprogramm. Als DJK, als \u00fcbrigens f\u00fcr&#46;&#46;&#46;<\/p>\n","protected":false},"author":5,"featured_media":2615,"parent":0,"menu_order":0,"comment_status":"closed","ping_status":"closed","template":"","meta":{"footnotes":""},"class_list":["post-2612","page","type-page","status-publish","has-post-thumbnail","hentry"],"_links":{"self":[{"href":"https:\/\/www.stadtmeisterschaft-passau.de\/index.php?rest_route=\/wp\/v2\/pages\/2612","targetHints":{"allow":["GET"]}}],"collection":[{"href":"https:\/\/www.stadtmeisterschaft-passau.de\/index.php?rest_route=\/wp\/v2\/pages"}],"about":[{"href":"https:\/\/www.stadtmeisterschaft-passau.de\/index.php?rest_route=\/wp\/v2\/types\/page"}],"author":[{"embeddable":true,"href":"https:\/\/www.stadtmeisterschaft-passau.de\/index.php?rest_route=\/wp\/v2\/users\/5"}],"replies":[{"embeddable":true,"href":"https:\/\/www.stadtmeisterschaft-passau.de\/index.php?rest_route=%2Fwp%2Fv2%2Fcomments&post=2612"}],"version-history":[{"count":2,"href":"https:\/\/www.stadtmeisterschaft-passau.de\/index.php?rest_route=\/wp\/v2\/pages\/2612\/revisions"}],"predecessor-version":[{"id":2616,"href":"https:\/\/www.stadtmeisterschaft-passau.de\/index.php?rest_route=\/wp\/v2\/pages\/2612\/revisions\/2616"}],"wp:featuredmedia":[{"embeddable":true,"href":"https:\/\/www.stadtmeisterschaft-passau.de\/index.php?rest_route=\/wp\/v2\/media\/2615"}],"wp:attachment":[{"href":"https:\/\/www.stadtmeisterschaft-passau.de\/index.php?rest_route=%2Fwp%2Fv2%2Fmedia&parent=2612"}],"curies":[{"name":"wp","href":"https:\/\/api.w.org\/{rel}","templated":true}]}}