{"id":1824,"date":"2018-11-08T15:26:42","date_gmt":"2018-11-08T14:26:42","guid":{"rendered":"http:\/\/www.stadtmeisterschaft-passau.de\/?page_id=1824"},"modified":"2019-11-03T10:30:02","modified_gmt":"2019-11-03T09:30:02","slug":"datenschutz","status":"publish","type":"page","link":"https:\/\/www.stadtmeisterschaft-passau.de\/?page_id=1824","title":{"rendered":"Datenschutz"},"content":{"rendered":"\n<h2 class=\"wp-block-heading\">Datenschutzerkl\u00e4rung \/ Privacy Policy<\/h2>\n\n\n\n<p>Die DJK Passau-West nimmt als Anbieter der WebSite (www.stadtmeisterschaft-passau.de) und verantwortliche Stelle die Verpflichtung zum Datenschutz sehr ernst und gestaltet ihre\/seine WebSite so, dass nur so wenige personenbezogene Daten wie n\u00f6tig erhoben, verarbeitet und genutzt werden. Unter keinen Umst\u00e4nden werden personenbezogene Daten zu Werbezwecken an Dritte vermietet oder verkauft. Ohne die ausdr\u00fcckliche Einwilligung des Besuchers werden keine personenbezogenen Daten f\u00fcr Werbe- oder Marketingzwecke genutzt. <\/p>\n\n\n\n<p>Zugriff auf personenbezogene Daten haben bei DJK Passau-West nur solche Personen, die diese Daten zur Durchf\u00fchrung ihrer Aufgaben innerhalb der verantwortlichen Stelle ben\u00f6tigen, die \u00fcber die gesetzlichen Bestimmungen zum Datenschutz informiert sind und sich gem\u00e4\u00df der geltenden gesetzlichen Bestimmungen (Art. 5 der EUDatenschutzgrundverordnung (EU-DSGVO)) verpflichtet haben, diese einzuhalten. Die Erhebung, Verarbeitung, Nutzung und \u00dcbermittlung der erhobenen personenbezogenen Daten erfolgt, nach Art 6. Absatz 1 EU-DSGVO, nur in dem Umfang, der f\u00fcr die Durchf\u00fchrung eines Vertragsverh\u00e4ltnisses zwischen DJK Passau-West als verantwortlicher Stelle, und dem Besucher, als Betroffenem, erforderlich ist. <\/p>\n\n\n\n<h2 class=\"wp-block-heading\"> Zweck\u00e4nderungen der Verarbeitung und Datennutzung<\/h2>\n\n\n\n<p> Da sich auf Grund des technischen Fortschritts und organisatorischer \u00c4nderungen der eingesetzten Verarbeitungsverfahren \u00e4ndern\/weiterentwickeln k\u00f6nnen behalten wir uns vor, die vorliegende Datenschutzerkl\u00e4rung gem\u00e4\u00df den neuen technischen Rahmenbedingungen weiterzuentwickeln. Wir bitten Sie deshalb die Datenschutzerkl\u00e4rung von von Zeit zu Zeit zu \u00fcberpr\u00fcfen. Sollten Sie mit den im Verlaufe der Zeit auftretenden Weiterentwicklungen nicht einverstanden sein, so k\u00f6nnen Sie schriftlich, gem\u00e4\u00df Art 17 EU-DSGVO, eine L\u00f6schung der Daten, die nicht auf Grundlage anderer gesetzlicher Vorgaben, wie handelsrechtlicher oder steuerrechtlicher Aufbewahrungspflichten, gespeichert werden, verlangen. <\/p>\n\n\n\n<h2 class=\"wp-block-heading\">Anonyme Datenerhebung<\/h2>\n\n\n\n<p>Sie k\u00f6nnen die Webseiten der verantwortlichen Stelle grunds\u00e4tzlich besuchen, ohne uns mitzuteilen, wer Sie sind. Wir erfahren nur den Namen Ihres Internet Service Providers, die Webseite, von der aus Sie uns besuchen, und die Webseiten, die Sie bei uns besuchen. Diese Informationen werden zu statistischen Zwecken ausgewertet. Sie bleiben als einzelner Nutzer hierbei anonym.  <\/p>\n\n\n\n<h2 class=\"wp-block-heading\">Erhebung und Verarbeitung personenbezogener Daten<\/h2>\n\n\n\n<p>Personenbezogene Daten werden nur erhoben, wenn Sie uns diese von sich aus, zum Beispiel zur Newsletteranmeldung mitteilen. Die verantwortliche Stelle h\u00e4lt sich dabei an die Vorgaben der Art 5 und 6 EU-DSGVO. Im Rahmen der personalisierten Dienste der verantwortlichen Stelle werden Ihre Registrierungsdaten unter der Voraussetzung Ihrer Einwilligung zum Zwecke der Zusendung unseres Newsletters, bzw. zur bedarfsgerechten Gestaltung der angebotenen elektronischen Dienste verarbeitet. Sie haben jederzeit die M\u00f6glichkeit, der Speicherung ihrer personenbezogenen Daten zu widersprechen. Bitte senden Sie dazu eine E-Mail an <a href=\"mailto:andreas.bauer2102@gmail.com\">andreas.bauer2102@gmail.com<\/a> mit dem Betreff &#8222;Datenbest\u00e4nde austragen&#8220;.<\/p>\n\n\n\n<p>Die Verarbeitung und Nutzung Ihrer personenbezogenen Daten erfolgt nach den Vorgaben der EU-DSGVO. <\/p>\n\n\n\n<h2 class=\"wp-block-heading\">Export und Verarbeitung der Daten in Staaten au\u00dferhalb des Europ\u00e4ischen Wirtschaftsraumes<\/h2>\n\n\n\n<p>Es findet kein Export ihrer personenbezogenen Daten in Staaten au\u00dferhalb des Europ\u00e4ischen Wirtschaftsraumes (Im Folgenden EWR) statt.<\/p>\n\n\n\n<p>Trotzdem k\u00f6nnen, soweit Sie sich in Facebook eingeloggt haben oder einen Twitter-Account besitzen, personenbezogene Daten in die USA exportiert werden. Zu n\u00e4heren Erl\u00e4uterungen und zu M\u00f6glichkeiten diesen Datenexport zu verhindern lesen Sie bitte den Gliederungspunkt \u201eVerwendung von Facebook Social Plugins\u201c, bzw. \u201eVerwendung von Twitter\u201c der vorliegenden Datenschutzerkl\u00e4rung.<\/p>\n\n\n\n<p>Eine \u00dcbermittlung von personenbezogenen Daten an Google im Rahmen der Nutzung von Analyseprogrammen durch die verantwortliche Stelle findet hingegen nicht statt, da Ihre IPAdresse nur anonymisiert \u00fcbermittelt wird. Lesen Sie dazu bitte den Punkt \u201eVerwendung von Analyseprogrammen\u201c der vorliegenden Datenschutzerkl\u00e4rung.<\/p>\n\n\n\n<p>Die von der verantwortlichen Stelle eingeschalteten Dienstleister haben ihren Sitz und betreiben ihre IT-Infrastruktur ausschlie\u00dflich innerhalb des EWR. Dies gilt auch f\u00fcr eine eventuelle Nutzung von Cloud-basierenden Diensten. Mit den Dienstleistern bestehen Vertr\u00e4ge die den Datenschutz- und Datensicherheits-Vorgaben der EU-DSGVO entsprechen. Auch im Falle der Einschaltung von externen Dienstleistern bleibt die DJK Passau-West die f\u00fcr die Verarbeitung verantwortliche Stelle. <\/p>\n\n\n\n<h2 class=\"wp-block-heading\">Nutzung und Weitergabe personenbezogener Daten<\/h2>\n\n\n\n<p>Die im Rahmen der Webseiten der verantwortliche Stelle erhobenen personenbezogenen Daten werden ohne Ihre Einwilligung nur zur Vertragsabwicklung und Bearbeitung Ihrer Anfragen genutzt. Dar\u00fcber hinaus erfolgt eine Nutzung Ihrer Daten f\u00fcr Zwecke der Werbung und Marktforschung der verantwortlichen Stelle nur, wenn Sie hierzu zuvor Ihre Einwilligung erteilt haben. Im \u00dcbrigen findet keine Weitergabe an sonstige Dritte statt. Ihre jeweilige Einwilligung k\u00f6nnen Sie selbstverst\u00e4ndlich jederzeit mit Wirkung f\u00fcr die Zukunft widerrufen.<\/p>\n\n\n\n<h2 class=\"wp-block-heading\">Externe Links<\/h2>\n\n\n\n<p>Zu Ihrer Information finden Sie auf unseren Seiten Links, die auf Seiten Dritter verweisen. Soweit dies nicht offensichtlich erkennbar ist, weisen wir Sie darauf hin, dass es sich um einen externen Link handelt. Die verantwortliche Stelle hat keinerlei Einfluss auf den Inhalt und die Gestaltung dieser Seiten anderer Anbieter. Die Garantien dieser Datenschutzerkl\u00e4rung gelten daher f\u00fcr externe Anbieter nicht. <\/p>\n\n\n\n<h2 class=\"wp-block-heading\">Einsatz von Cookies<\/h2>\n\n\n\n<p>Die verantwortliche Stelle verwendet sogenannte &#8222;Cookies&#8220;, um die Online-Erfahrung und Online-Zeit des Kunden individuell auszugestalten und zu optimieren. Ein Cookie ist eine Textdatei, die entweder tempor\u00e4r im Arbeitsspeicher des Computers abgelegt (&#8222;Sitzungscookie&#8220;) oder auf der Festplatte gespeichert wird (&#8222;permanenter&#8220; Cookie). Cookies enthalten z.B. Informationen \u00fcber die bisherigen Zugriffe des Nutzers auf den entsprechenden Server bzw. Informationen dar\u00fcber, welche Angebote bisher aufgerufen wurden. Cookies werden nicht dazu eingesetzt, um Programme auszuf\u00fchren oder Viren auf Ihren Computer zu laden. Hauptzweck von Cookies ist vielmehr, ein speziell auf den Kunden zugeschnittenes Angebot bereitzustellen und die Nutzung des Service so komfortabel wie m\u00f6glich zu gestalten.<\/p>\n\n\n\n<p>Die DJK Passau-West verwendet Sitzungscookies sowie permanente Cookies. <\/p>\n\n\n\n<h3 class=\"wp-block-heading\">Sitzungscookies<\/h3>\n\n\n\n<p>Die verantwortliche Stelle verwendet \u00fcberwiegend &#8222;Sitzungscookies&#8220;, die nicht auf der Festplatte des Kunden gespeichert werden und die mit Verlassen des Browsers gel\u00f6scht werden.<\/p>\n\n\n\n<p>Sitzungscookies werden hierbei zur Login-Authentifizierung und zum LoadBalancing (Ausgleich der System-Belastung) verwendet. <\/p>\n\n\n\n<h3 class=\"wp-block-heading\">Permanente Cookies<\/h3>\n\n\n\n<p>Dar\u00fcber hinaus verwendet die verantwortliche Stelle \u201epermanente Cookies\u201c, um die pers\u00f6nlichen Nutzungseinstellungen, die ein Kunde bei der Nutzung der Services der verantwortlichen Stelle eingibt, zu speichern und so eine Personalisierung und Verbesserung des Service vornehmen zu k\u00f6nnen. Durch die permanenten Cookies wird sichergestellt, dass der Kunde bei einem erneuten Besuch der Webseiten der verantwortlichen Stelle seine pers\u00f6nlichen Einstellungen wieder vorfindet Daneben verwenden die Dienstleister, die die verantwortliche Stelle mit der Analyse des Nutzerverhaltens beauftragt hat, permanente Cookies, um wiederkehrende Nutzer erkennen zu k\u00f6nnen. Diese Dienste speichern die vom Cookie \u00fcbermittelten Daten ausschlie\u00dflich anonym ab. Eine Zuordnung zur IP-Adresse des Kunden wird nicht vorgehalten.<\/p>\n\n\n\n<h3 class=\"wp-block-heading\">Vermeidung von Cookies<\/h3>\n\n\n\n<p>Der Besucher hat jederzeit die M\u00f6glichkeit, das Setzen von Cookies abzulehnen. Dies geschieht in der Regel durch die Wahl der entsprechenden Option in den Einstellungen des Browsers oder durch zus\u00e4tzliche Programme. N\u00e4heres ist der Hilfe-Funktion des kundenseitig verwendeten Browsers zu entnehmen. Entscheidet sich der Kunde f\u00fcr die Ausschaltung von Cookies, kann dies den Leistungsumfang des Services mindern und sich bei der Nutzung der Dienste der verantwortlichen negativ bemerkbar machen.<\/p>\n\n\n\n<h2 class=\"wp-block-heading\">Verwendung von Analyseprogrammen<\/h2>\n\n\n\n<p>Die verantwortliche Stelle f\u00fchrt Analysen \u00fcber das Verhalten seiner Kunden im Rahmen der Nutzung seines Service durch bzw. l\u00e4sst diese durchf\u00fchren. Zu diesem Zweck werden anonymisierte oder pseudonymisierte Nutzungsprofile erstellt. Die Erstellung der Nutzungsprofile erfolgt zu dem alleinigen Zweck, den Service der verantwortlichen Stelle st\u00e4ndig zu verbessern.<\/p>\n\n\n\n<p>Die verantwortliche Stelle verwendet im Rahmen der Web-Analyse auch Google Analytics, einen Web-Analysedienst der Google Inc. (&#8222;G Verwendung von Analyseprogrammen oogle&#8220;), die verantwortliche Stelle Google Analytics mit der Erweiterung \u201e_anonymizeIp()\u201c nutzt. Dadurch werden die IP-Adressen nur gek\u00fcrzt verarbeitet, um eine direkte Personenbeziehbarkeit auszuschlie\u00dfen. Der in diesem Zusammenhang stattfindenden Datenerhebung und -speicherung kann jederzeit mit Wirkung f\u00fcr die Zukunft widersprochen werden. Bitte wenden Sie sich dazu <a href=\"http:\/\/tools.google.com\/dlpage\/gaoptout?hl=de\" target=\"_blank\" rel=\"noopener\">direkt an Google >><\/a> <\/p>\n\n\n\n<p>Google gibt seinen Nutzern, wie beispielsweise der verantwortlichen Stelle vor, die nachfolgende Belehrung in ihren Datenschutzerkl\u00e4rungen zu verwenden. Dieser Aufforderung kommt DJK Passau-West mit der Wiedergabe des folgenden Textes nach: <\/p>\n\n\n\n<p><em>&#8222;Google Analytics verwendet sog. \u201eCookies\u201c, Textdateien, die auf Ihrem Computer gespeichert werden und die eine Analyse der Benutzung der Website durch Sie erm\u00f6glichen. Die durch den Cookie erzeugten Informationen \u00fcber Ihre Benutzung dieser Website (einschlie\u00dflich Ihrer IP-Adresse) werden an einen Server von Google in den USA \u00fcbertragen und dort gespeichert. Google wird diese Informationen benutzen, um Ihre Nutzung der Website auszuwerten, um Reports \u00fcber die Websiteaktivit\u00e4ten f\u00fcr die Websitebetreiber zusammenzustellen und um weitere mit der Websitenutzung und der Internetnutzung verbundene Dienstleistungen zu erbringen. Auch wird Google diese Informationen gegebenenfalls an Dritte \u00fcbertragen, sofern dies gesetzlich vorgeschrieben oder soweit Dritte diese Daten im Auftrag von Google verarbeiten. Google wird in keinem Fall Ihre IP-Adresse mit anderen Daten von Google in Verbindung bringen. Sie k\u00f6nnen die Installation der Cookies durch eine entsprechende Einstellung Ihrer Browser Software verhindern; wir weisen Sie jedoch darauf hin, dass Sie in diesem Fall gegebenenfalls nicht s\u00e4mtliche Funktionen dieser Website vollumf\u00e4nglich nutzen k\u00f6nnen. Durch die Nutzung dieser Website erkl\u00e4ren Sie sich mit der Bearbeitung der \u00fcber Sie erhobenen Daten durch Google in der zuvor beschriebenen Art und Weise und zu dem zuvor benannten Zweck einverstanden.&#8220;<\/em><\/p>\n\n\n\n<h2 class=\"wp-block-heading\">Verwendung von Facebook Social Plugins<\/h2>\n\n\n\n<p>Die DJK Passau-West verwendet auf ihrer Website Social Plugins (&#8222;Plugins&#8220;) des sozialen Netzwerkes facebook.com, welches von der Facebook Inc., 1601 S. California Ave, Palo Alto, CA 94304, USA betrieben wird (&#8222;Facebook&#8220;). Die Plugins sind mit einem Facebook Logo gekennzeichnet. Wenn der Kunde eine Webseite der verantwortlichen Stelle aufruft, die ein solches PlugIn enth\u00e4lt, baut der Browser des Kunden eine direkte Verbindung mit den Servern von Facebook auf. Der Inhalt des Plugins wird von Facebook direkt an den Browser des Kunden \u00fcbermittelt und von diesem in die Webseite eingebunden.<\/p>\n\n\n\n<p>Durch die Einbindung der Plugins erh\u00e4lt Facebook die Information, dass der Kunde die entsprechende Seite des Internetauftritts der verantwortlichen Stelle aufgerufen hat. Ist der Kunde bei Facebook eingeloggt, kann Facebook den Besuch des Kunden seinem Facebook-Konto zuordnen. Wenn der Kunde mit den Plugins interagiert, zum Beispiel den &#8222;Gef\u00e4llt mir&#8220; Button bet\u00e4tigen oder einen Kommentar abgibt, wird die entsprechende Information von dem Browser des Kunden direkt an Facebook \u00fcbermittelt und dort gespeichert. Zweck und Umfang der Datenerhebung und die weitere Verarbeitung und Nutzung der Daten durch Facebook sowie diesbez\u00fcgliche Rechte und Einstellungsm\u00f6glichkeiten des Kunden zum Schutz seiner Privatsph\u00e4re ist den Datenschutzhinweisen von Facebook zu entnehmen. <\/p>\n\n\n\n<p>Sollte der Kunde nicht wollen, dass Facebook in der vorbeschriebenen Weise Daten sammelt, muss der Kunde sich vor seinem Besuch des Internetauftritts der verantwortlichen Stelle bei Facebook ausloggen. <\/p>\n\n\n\n<h2 class=\"wp-block-heading\">Weitere Informationen und Kontakte<\/h2>\n\n\n\n<p>Wenn Sie weitere Fragen zum Thema \u201cDatenschutz der DJK Passau-West\u201d haben, wenden Sie sich an den Datenschutzbeauftragten unseres Unternehmens. Sie k\u00f6nnen erfragen, welche Ihrer Daten bei uns gespeichert sind. Dar\u00fcber hinaus k\u00f6nnen Sie Ausk\u00fcnfte, L\u00f6schungs- und Berichtigungsw\u00fcnsche zu Ihren Daten und gerne auch Anregungen jederzeit per Brief oder EMail an folgende Adresse senden:<\/p>\n\n\n\n<h3 class=\"wp-block-heading\">Datenschutzbeauftragter:<\/h3>\n\n\n\n<p>Andreas Bauer, Pfarrkirchner-Str. 23, 84371 Triftern<\/p>\n\n\n\n<p>Telefon: 0160-99261711<\/p>\n\n\n\n<p>E-Mail: andreas.bauer2102@gmail.com <\/p>\n\n\n\n<p><\/p>\n","protected":false},"excerpt":{"rendered":"<p>Datenschutzerkl\u00e4rung \/ Privacy Policy Die DJK Passau-West nimmt als Anbieter der WebSite (www.stadtmeisterschaft-passau.de) und verantwortliche Stelle die Verpflichtung zum Datenschutz sehr ernst und gestaltet ihre\/seine WebSite so, dass nur so wenige personenbezogene Daten wie&#46;&#46;&#46;<\/p>\n","protected":false},"author":2,"featured_media":0,"parent":0,"menu_order":0,"comment_status":"closed","ping_status":"closed","template":"","meta":{"footnotes":""},"class_list":["post-1824","page","type-page","status-publish","hentry"],"_links":{"self":[{"href":"https:\/\/www.stadtmeisterschaft-passau.de\/index.php?rest_route=\/wp\/v2\/pages\/1824","targetHints":{"allow":["GET"]}}],"collection":[{"href":"https:\/\/www.stadtmeisterschaft-passau.de\/index.php?rest_route=\/wp\/v2\/pages"}],"about":[{"href":"https:\/\/www.stadtmeisterschaft-passau.de\/index.php?rest_route=\/wp\/v2\/types\/page"}],"author":[{"embeddable":true,"href":"https:\/\/www.stadtmeisterschaft-passau.de\/index.php?rest_route=\/wp\/v2\/users\/2"}],"replies":[{"embeddable":true,"href":"https:\/\/www.stadtmeisterschaft-passau.de\/index.php?rest_route=%2Fwp%2Fv2%2Fcomments&post=1824"}],"version-history":[{"count":5,"href":"https:\/\/www.stadtmeisterschaft-passau.de\/index.php?rest_route=\/wp\/v2\/pages\/1824\/revisions"}],"predecessor-version":[{"id":2196,"href":"https:\/\/www.stadtmeisterschaft-passau.de\/index.php?rest_route=\/wp\/v2\/pages\/1824\/revisions\/2196"}],"wp:attachment":[{"href":"https:\/\/www.stadtmeisterschaft-passau.de\/index.php?rest_route=%2Fwp%2Fv2%2Fmedia&parent=1824"}],"curies":[{"name":"wp","href":"https:\/\/api.w.org\/{rel}","templated":true}]}}